{"id":519,"date":"2021-12-12T05:33:24","date_gmt":"2021-12-12T04:33:24","guid":{"rendered":"https:\/\/demosites.royal-elementor-addons.com\/construction-v1\/?page_id=94"},"modified":"2025-01-20T20:25:52","modified_gmt":"2025-01-20T19:25:52","slug":"about","status":"publish","type":"page","link":"https:\/\/pomorskie.zity.pl\/?page_id=519","title":{"rendered":"Wa\u017cne dla sektora"},"content":{"rendered":"\t\t<div data-elementor-type=\"wp-page\" data-elementor-id=\"519\" class=\"elementor elementor-519\" data-elementor-settings=\"{&quot;ha_cmc_init_switcher&quot;:&quot;no&quot;}\">\n\t\t\t\t\t\t<section class=\"elementor-section elementor-top-section elementor-element elementor-element-3730ef01 elementor-section-height-min-height elementor-section-content-middle elementor-section-boxed elementor-section-height-default elementor-section-items-middle wpr-particle-no wpr-jarallax-no wpr-parallax-no wpr-sticky-section-no\" data-id=\"3730ef01\" data-element_type=\"section\" data-settings=\"{&quot;background_background&quot;:&quot;classic&quot;,&quot;_ha_eqh_enable&quot;:false}\">\n\t\t\t\t\t\t\t<div class=\"elementor-background-overlay\"><\/div>\n\t\t\t\t\t\t\t<div class=\"elementor-container elementor-column-gap-default\">\n\t\t\t\t\t<div class=\"elementor-column elementor-col-100 elementor-top-column elementor-element elementor-element-3271a306\" data-id=\"3271a306\" data-element_type=\"column\">\n\t\t\t<div class=\"elementor-widget-wrap elementor-element-populated\">\n\t\t\t\t\t\t<div class=\"elementor-element elementor-element-1c18478e elementor-widget elementor-widget-heading\" data-id=\"1c18478e\" data-element_type=\"widget\" data-widget_type=\"heading.default\">\n\t\t\t\t<div class=\"elementor-widget-container\">\n\t\t\t<h2 class=\"elementor-heading-title elementor-size-default\">Wa\u017cne dla sektora<\/h2>\t\t<\/div>\n\t\t\t\t<\/div>\n\t\t\t\t\t<\/div>\n\t\t<\/div>\n\t\t\t\t\t<\/div>\n\t\t<\/section>\n\t\t<div class=\"elementor-element elementor-element-c42dd08 e-flex e-con-boxed wpr-particle-no wpr-jarallax-no wpr-parallax-no wpr-sticky-section-no e-con e-parent\" data-id=\"c42dd08\" data-element_type=\"container\" data-settings=\"{&quot;_ha_eqh_enable&quot;:false}\">\n\t\t\t\t\t<div class=\"e-con-inner\">\n\t\t\t\t<div class=\"elementor-element elementor-element-0d3bf4e elementor-widget elementor-widget-spacer\" data-id=\"0d3bf4e\" data-element_type=\"widget\" data-widget_type=\"spacer.default\">\n\t\t\t\t<div class=\"elementor-widget-container\">\n\t\t\t\t\t<div class=\"elementor-spacer\">\n\t\t\t<div class=\"elementor-spacer-inner\"><\/div>\n\t\t<\/div>\n\t\t\t\t<\/div>\n\t\t\t\t<\/div>\n\t\t\t\t\t<\/div>\n\t\t\t\t<\/div>\n\t\t<div class=\"elementor-element elementor-element-3319440 e-flex e-con-boxed wpr-particle-no wpr-jarallax-no wpr-parallax-no wpr-sticky-section-no e-con e-parent\" data-id=\"3319440\" data-element_type=\"container\" data-settings=\"{&quot;_ha_eqh_enable&quot;:false}\">\n\t\t\t\t\t<div class=\"e-con-inner\">\n\t\t\t\t<div class=\"elementor-element elementor-element-a113247 elementor-widget elementor-widget-text-editor\" data-id=\"a113247\" data-element_type=\"widget\" data-widget_type=\"text-editor.default\">\n\t\t\t\t<div class=\"elementor-widget-container\">\n\t\t\t\t\t\t\t<p style=\"text-align: center;\">Inicjatywa przedstawicieli organizacji pozarz\u0105dowych, zasiadaj\u0105cych w komitecie monitoruj\u0105cym FEP 2021-2027:<\/p>\n<p style=\"text-align: center;\"><strong>WNIOSEK CZ\u0141ONK\u00d3W KOMITETU MONITORUJ\u0104CEGO&nbsp;<\/strong><\/p>\n<p style=\"text-align: center;\"><strong>FUNDUSZY EUROPEJSKICH&nbsp; DLA POMORZA 2021\u20132027<\/strong><\/p>\n<p style=\"text-align: center;\"><strong>O POWO\u0141ANIE GRUPY ROBOCZEJ PRZY KM FEP 2021-2027<\/strong><\/p>\n<p><strong>&nbsp;<\/strong><\/p>\n<p>Celem efektywnego monitorowania w programie FEP zasad horyzontalnych, w tym zasady partnerstwa, jak r\u00f3wnie\u017c warunk\u00f3w podstawowych oraz skutecznego monitorowania realizacji Karty Praw Podstawowych, zgodnie z \u00a76 Regulaminu Dzia\u0142ania KM FEM 2021 \u2013 2027 wnioskujemy o powo\u0142anie <strong>Grupy Roboczej ds. monitorowania zasad horyzontalnych przy KM FEP 2021-2027&nbsp; (dalej Grupa Robocza).<\/strong><\/p>\n<p><u>Przedmiotowy wniosek argumentowany jest w nast\u0119puj\u0105cy spos\u00f3b<\/u>:<\/p>\n<p>Jedn\u0105 z obowi\u0105zuj\u0105cych zasad w ramach polityki sp\u00f3jno\u015bci na lata 2021 \u2013 2027 jest <strong>zasada partnerstwa<\/strong>, &nbsp;&nbsp;&nbsp;&nbsp;o kt\u00f3rej mowa w Rozporz\u0105dzeniu Parlamentu Europejskiego i Rady (UE) 2021\/1060 z dnia 24.06.2021 r. oraz w Rozporz\u0105dzeniu delegowanym KE (UE) nr 240\/2014 z dnia 7.01.2014 r.&nbsp; Zasada ta jest te\u017c istotnym warunkiem skutecznej realizacji Umowy Partnerstwa z dnia 30 czerwca 2022 r. Realizacja zasady partnerstwa jest zapewniona na poziomie komitet\u00f3w monitoruj\u0105cych powo\u0142ywanych dla program\u00f3w finansowanych z funduszy unijnych i odgrywaj\u0105cych kluczow\u0105 rol\u0119 w ich realizacji.&nbsp;<\/p>\n<p>Zgodnie z Umow\u0105 Partnerstwa z dnia 30 czerwca 2022 r., Instytucj\u0119 Zarz\u0105dzaj\u0105c\u0105, instytucje zaanga\u017cowane we wdra\u017canie FEP 2021 \u2013 2027 oraz Beneficjent\u00f3w Programu, obowi\u0105zuje przestrzeganie&nbsp; <strong>zasady niedyskryminacji, obejmuj\u0105cej zasad\u0119 r\u00f3wno\u015bci kobiet i m\u0119\u017cczyzn oraz zasad\u0119 r\u00f3wno\u015bci szans&nbsp;&nbsp;&nbsp;&nbsp;&nbsp;&nbsp;&nbsp;&nbsp;&nbsp;&nbsp;&nbsp;&nbsp;&nbsp;&nbsp;&nbsp; i niedyskryminacji, w tym dost\u0119pno\u015bci dla os\u00f3b z niepe\u0142nosprawno\u015bciami<\/strong>. Bior\u0105c pod uwag\u0119 zakres tematyczny oraz realizowane przez FEP cele polityki sp\u00f3jno\u015bci UE w latach 2021 \u2013 2027, warunkiem niezb\u0119dnym dla prawid\u0142owej realizacji programu jest szczeg\u00f3lne uwra\u017cliwienie wszystkich zaanga\u017cowanych we wdra\u017cania, monitoring oraz ewaluacj\u0119 podmiot\u00f3w, na te kluczowe zasady UE.<\/p>\n<p>Zgodnie z art. 9 ust. 4 rozporz\u0105dzenia og\u00f3lnego cele funduszy s\u0105 realizowane zgodnie z celem <strong>wspierania zr\u00f3wnowa\u017conego<\/strong> <strong>rozwoju,<\/strong> okre\u015blonym w art. 11 TFUE oraz z uwzgl\u0119dnieniem cel\u00f3w ONZ dotycz\u0105cych zr\u00f3wnowa\u017conego rozwoju, a tak\u017ce porozumienia paryskiego i <strong>zasady \u201enie czy\u0144 powa\u017cnych szk\u00f3d\u201d<\/strong>. Instytucje zaanga\u017cowane w wydatkowanie \u015brodk\u00f3w polityki sp\u00f3jno\u015bci powinny wspiera\u0107 dzia\u0142ania,&nbsp; prowadzone z poszanowaniem norm i priorytet\u00f3w Unii w zakresie klimatu i \u015brodowiska i kt\u00f3re nie czyni\u0142yby powa\u017cnych szk\u00f3d dla cel\u00f3w \u015brodowiskowych zgodnie z zasad\u0105 \u2018Do no significant harm\u2019.<\/p>\n<p>Realizacja zasady partnerstwa podczas wdra\u017cania Umowy Partnerstwa i program\u00f3w jest zapewniona na poziomie komitet\u00f3w monitoruj\u0105cych r\u00f3wnie\u017c poprzez grupy robocze, kt\u00f3rych sk\u0142ad uwzgl\u0119dnia przedstawicieli&nbsp; wsp\u00f3\u0142pracuj\u0105cych stron. W ramach partycypacyjnego procesu przewiduje si\u0119 wsp\u00f3\u0142prac\u0119 szerokiego grona organizacji spo\u0142ecze\u0144stwa obywatelskiego i partner\u00f3w spo\u0142eczno-gospodarczych. Dlatego zasadnym jest powo\u0142anie grupy roboczej ds. monitorowania zasad horyzontalnych, w sk\u0142ad kt\u00f3rej wejd\u0105 przedstawiciele organizacji spo\u0142ecze\u0144stwa obywatelskiego oraz partner\u00f3w spo\u0142ecznych i gospodarczych. Jej dzia\u0142alno\u015b\u0107 b\u0119dzie skupiona wok\u00f3\u0142 realizacji zasady partnerstwa i innych zasad horyzontalnych&nbsp; oraz przestrzegania zapis\u00f3w Karty Praw Podstawowych UE na etapie wdra\u017cania, monitorowania i ewaluacji a tak\u017ce rozliczania programu FEM 2021 \u2013 2027, przy za\u0142o\u017ceniu nawi\u0105zywania, podtrzymywania lub pog\u0142\u0119biania wsp\u00f3\u0142pracy pomi\u0119dzy r\u00f3\u017cnymi podmiotami (instytucjami, organizacjami, firmami) w ramach wdra\u017cania wsparcia UE.&nbsp;<\/p>\n<p>Do zada\u0144 Grupy Roboczej nale\u017cy m. in:<\/p>\n<ol>\n<li>proponowanie zagadnie\u0144, kt\u00f3re mog\u0142yby by\u0107 przedmiotem uchwa\u0142 Komitetu oraz analiza projekt\u00f3w uchwa\u0142 w zakresie spe\u0142nienia zasad horyzontalnych,<\/li>\n<li>wsparcie Komitetu Monitoruj\u0105cego w zakresie zasad horyzontalnych i warunk\u00f3w podstawowych, w szczeg\u00f3lno\u015bci pojawienia si\u0119 informacji o potencjalnych naruszeniach dot. Konwencji ONZ o Prawach Os\u00f3b Niepe\u0142nosprawnych (KPON) i Karty Praw Podstawowych (KPP);<\/li>\n<li>rekomendowanie rozwi\u0105za\u0144&nbsp; gwarantuj\u0105cych (zwi\u0119kszaj\u0105cych szanse) realizacji zasady partnerstwa,<\/li>\n<li>promowanie rozwi\u0105za\u0144 i dobrych praktyk zwi\u0105zanych z realizacj\u0105 zasady partnerstwa,<\/li>\n<li>interweniowanie, je\u015bli ta zasada nie jest realizowana lub jest realizowana w spos\u00f3b niewystarczaj\u0105cy,<\/li>\n<li>wsp\u00f3\u0142praca z Rzecznikiem Funduszy Europejskich;<\/li>\n<li>wsp\u00f3\u0142praca z osobami, kt\u00f3re w Instytucji Zarz\u0105dzaj\u0105cej Programem Fundusze Europejskie dla Pomorza 2021 \u2013 2027, zajmuj\u0105 si\u0119 kwestiami zasad horyzontalnych, m.in. Koordynatorem\/-k\u0105 ds. Praw Podstawowych, Pe\u0142nomocniczk\u0105 Marsza\u0142ka Wojew\u00f3dztwa Pomorskiego ds. spraw r\u00f3wnego traktowania<\/li>\n<li>wsp\u00f3\u0142praca z Komitetem\/Podkomitetem Umowy Partnerstwa&nbsp;<\/li>\n<\/ol>\n<p>Grupa robocza funkcjonowa\u0107 b\u0119dzie w oparciu o regulamin wewn\u0119trzny, przyj\u0119ty przez cz\u0142onk\u00f3w grypy, wi\u0119kszo\u015bci\u0105 g\u0142os\u00f3w, na pierwszym posiedzeniu grupy.<\/p>\n<p>Gda\u0144sk 20 stycznia 2024r.<\/p>\t\t\t\t\t\t<\/div>\n\t\t\t\t<\/div>\n\t\t\t\t\t<\/div>\n\t\t\t\t<\/div>\n\t\t\t\t<\/div>\n\t\t","protected":false},"excerpt":{"rendered":"<p>Wa\u017cne dla sektora Inicjatywa przedstawicieli organizacji pozarz\u0105dowych, zasiadaj\u0105cych w komitecie monitoruj\u0105cym FEP 2021-2027: WNIOSEK CZ\u0141ONK\u00d3W KOMITETU MONITORUJ\u0104CEGO&nbsp; FUNDUSZY EUROPEJSKICH&nbsp; DLA POMORZA 2021\u20132027 O POWO\u0141ANIE GRUPY ROBOCZEJ PRZY KM FEP 2021-2027 &nbsp; Celem efektywnego monitorowania w programie FEP zasad horyzontalnych, w tym zasady partnerstwa, jak r\u00f3wnie\u017c warunk\u00f3w podstawowych oraz skutecznego monitorowania realizacji Karty Praw Podstawowych, zgodnie z \u00a76 Regulaminu Dzia\u0142ania KM FEM 2021 \u2013 2027 wnioskujemy o powo\u0142anie Grupy Roboczej ds. monitorowania zasad horyzontalnych przy KM FEP 2021-2027&nbsp; (dalej Grupa Robocza). Przedmiotowy wniosek argumentowany jest w nast\u0119puj\u0105cy spos\u00f3b: Jedn\u0105 z obowi\u0105zuj\u0105cych zasad w ramach polityki sp\u00f3jno\u015bci na lata 2021 \u2013 2027 jest zasada partnerstwa, &nbsp;&nbsp;&nbsp;&nbsp;o kt\u00f3rej mowa w Rozporz\u0105dzeniu Parlamentu Europejskiego i Rady (UE) 2021\/1060 z dnia 24.06.2021 r. oraz w Rozporz\u0105dzeniu delegowanym KE (UE) nr 240\/2014 z dnia 7.01.2014 r.&nbsp; Zasada ta jest te\u017c istotnym warunkiem skutecznej realizacji Umowy Partnerstwa z dnia 30 czerwca 2022 r. Realizacja zasady partnerstwa jest zapewniona na poziomie komitet\u00f3w monitoruj\u0105cych powo\u0142ywanych dla program\u00f3w finansowanych z funduszy unijnych i odgrywaj\u0105cych kluczow\u0105 rol\u0119 w ich realizacji.&nbsp; Zgodnie z Umow\u0105 Partnerstwa z dnia 30 czerwca 2022 r., Instytucj\u0119 Zarz\u0105dzaj\u0105c\u0105, instytucje zaanga\u017cowane we wdra\u017canie FEP 2021 \u2013 2027 oraz Beneficjent\u00f3w Programu, obowi\u0105zuje przestrzeganie&nbsp; zasady niedyskryminacji, obejmuj\u0105cej zasad\u0119 r\u00f3wno\u015bci kobiet i m\u0119\u017cczyzn oraz zasad\u0119 r\u00f3wno\u015bci szans&nbsp;&nbsp;&nbsp;&nbsp;&nbsp;&nbsp;&nbsp;&nbsp;&nbsp;&nbsp;&nbsp;&nbsp;&nbsp;&nbsp;&nbsp; i niedyskryminacji, w tym dost\u0119pno\u015bci dla os\u00f3b z niepe\u0142nosprawno\u015bciami. Bior\u0105c pod uwag\u0119 zakres tematyczny oraz realizowane przez FEP cele polityki sp\u00f3jno\u015bci UE w latach 2021 \u2013 2027, warunkiem niezb\u0119dnym dla prawid\u0142owej realizacji programu jest szczeg\u00f3lne uwra\u017cliwienie wszystkich zaanga\u017cowanych we wdra\u017cania, monitoring oraz ewaluacj\u0119 podmiot\u00f3w, na te kluczowe zasady UE. Zgodnie z art. 9 ust. 4 rozporz\u0105dzenia og\u00f3lnego cele funduszy s\u0105 realizowane zgodnie z celem wspierania zr\u00f3wnowa\u017conego rozwoju, okre\u015blonym w art. 11 TFUE oraz z uwzgl\u0119dnieniem cel\u00f3w ONZ dotycz\u0105cych zr\u00f3wnowa\u017conego rozwoju, a tak\u017ce porozumienia paryskiego i zasady \u201enie czy\u0144 powa\u017cnych szk\u00f3d\u201d. Instytucje zaanga\u017cowane w wydatkowanie \u015brodk\u00f3w polityki sp\u00f3jno\u015bci powinny wspiera\u0107 dzia\u0142ania,&nbsp; prowadzone z poszanowaniem norm i priorytet\u00f3w Unii w zakresie klimatu i \u015brodowiska i kt\u00f3re nie czyni\u0142yby powa\u017cnych szk\u00f3d dla cel\u00f3w \u015brodowiskowych zgodnie z zasad\u0105 \u2018Do no significant harm\u2019. Realizacja zasady partnerstwa podczas wdra\u017cania Umowy Partnerstwa i program\u00f3w jest zapewniona na poziomie komitet\u00f3w monitoruj\u0105cych r\u00f3wnie\u017c poprzez grupy robocze, kt\u00f3rych sk\u0142ad uwzgl\u0119dnia przedstawicieli&nbsp; wsp\u00f3\u0142pracuj\u0105cych stron. W ramach partycypacyjnego procesu przewiduje si\u0119 wsp\u00f3\u0142prac\u0119 szerokiego grona organizacji spo\u0142ecze\u0144stwa obywatelskiego i partner\u00f3w spo\u0142eczno-gospodarczych. Dlatego zasadnym jest powo\u0142anie grupy roboczej ds. monitorowania zasad horyzontalnych, w sk\u0142ad kt\u00f3rej wejd\u0105 przedstawiciele organizacji spo\u0142ecze\u0144stwa obywatelskiego oraz partner\u00f3w spo\u0142ecznych i gospodarczych. Jej dzia\u0142alno\u015b\u0107 b\u0119dzie skupiona wok\u00f3\u0142 realizacji zasady partnerstwa i innych zasad horyzontalnych&nbsp; oraz przestrzegania zapis\u00f3w Karty Praw Podstawowych UE na etapie wdra\u017cania, monitorowania i ewaluacji a tak\u017ce rozliczania programu FEM 2021 \u2013 2027, przy za\u0142o\u017ceniu nawi\u0105zywania, podtrzymywania lub pog\u0142\u0119biania wsp\u00f3\u0142pracy pomi\u0119dzy r\u00f3\u017cnymi podmiotami (instytucjami, organizacjami, firmami) w ramach wdra\u017cania wsparcia UE.&nbsp; Do zada\u0144 Grupy Roboczej nale\u017cy m. in: proponowanie zagadnie\u0144, kt\u00f3re mog\u0142yby by\u0107 przedmiotem uchwa\u0142 Komitetu oraz analiza projekt\u00f3w uchwa\u0142 w zakresie spe\u0142nienia zasad horyzontalnych, wsparcie Komitetu Monitoruj\u0105cego w zakresie zasad horyzontalnych i warunk\u00f3w podstawowych, w szczeg\u00f3lno\u015bci pojawienia si\u0119 informacji o potencjalnych naruszeniach dot. Konwencji ONZ o Prawach Os\u00f3b Niepe\u0142nosprawnych (KPON) i Karty Praw Podstawowych (KPP); rekomendowanie rozwi\u0105za\u0144&nbsp; gwarantuj\u0105cych (zwi\u0119kszaj\u0105cych szanse) realizacji zasady partnerstwa, promowanie rozwi\u0105za\u0144 i dobrych praktyk zwi\u0105zanych z realizacj\u0105 zasady partnerstwa, interweniowanie, je\u015bli ta zasada nie jest realizowana lub jest realizowana w spos\u00f3b niewystarczaj\u0105cy, wsp\u00f3\u0142praca z Rzecznikiem Funduszy Europejskich; wsp\u00f3\u0142praca z osobami, kt\u00f3re w Instytucji Zarz\u0105dzaj\u0105cej Programem Fundusze Europejskie dla Pomorza 2021 \u2013 2027, zajmuj\u0105 si\u0119 kwestiami zasad horyzontalnych, m.in. Koordynatorem\/-k\u0105 ds. Praw Podstawowych, Pe\u0142nomocniczk\u0105 Marsza\u0142ka Wojew\u00f3dztwa Pomorskiego ds. spraw r\u00f3wnego traktowania wsp\u00f3\u0142praca z Komitetem\/Podkomitetem Umowy Partnerstwa&nbsp; Grupa robocza funkcjonowa\u0107 b\u0119dzie w oparciu o regulamin wewn\u0119trzny, przyj\u0119ty przez cz\u0142onk\u00f3w grypy, wi\u0119kszo\u015bci\u0105 g\u0142os\u00f3w, na pierwszym posiedzeniu grupy. Gda\u0144sk 20 stycznia 2024r.<\/p>\n","protected":false},"author":1,"featured_media":0,"parent":0,"menu_order":0,"comment_status":"closed","ping_status":"closed","template":"elementor_canvas","meta":{"footnotes":""},"class_list":["post-519","page","type-page","status-publish","hentry"],"_links":{"self":[{"href":"https:\/\/pomorskie.zity.pl\/index.php?rest_route=\/wp\/v2\/pages\/519","targetHints":{"allow":["GET"]}}],"collection":[{"href":"https:\/\/pomorskie.zity.pl\/index.php?rest_route=\/wp\/v2\/pages"}],"about":[{"href":"https:\/\/pomorskie.zity.pl\/index.php?rest_route=\/wp\/v2\/types\/page"}],"author":[{"embeddable":true,"href":"https:\/\/pomorskie.zity.pl\/index.php?rest_route=\/wp\/v2\/users\/1"}],"replies":[{"embeddable":true,"href":"https:\/\/pomorskie.zity.pl\/index.php?rest_route=%2Fwp%2Fv2%2Fcomments&post=519"}],"version-history":[{"count":22,"href":"https:\/\/pomorskie.zity.pl\/index.php?rest_route=\/wp\/v2\/pages\/519\/revisions"}],"predecessor-version":[{"id":1053,"href":"https:\/\/pomorskie.zity.pl\/index.php?rest_route=\/wp\/v2\/pages\/519\/revisions\/1053"}],"wp:attachment":[{"href":"https:\/\/pomorskie.zity.pl\/index.php?rest_route=%2Fwp%2Fv2%2Fmedia&parent=519"}],"curies":[{"name":"wp","href":"https:\/\/api.w.org\/{rel}","templated":true}]}}