{"id":795,"date":"2024-12-11T09:25:23","date_gmt":"2024-12-11T08:25:23","guid":{"rendered":"http:\/\/pomorskie.zity.pl\/?page_id=795"},"modified":"2025-01-20T20:00:52","modified_gmt":"2025-01-20T19:00:52","slug":"posts","status":"publish","type":"page","link":"https:\/\/pomorskie.zity.pl\/?page_id=795","title":{"rendered":"Aktualno\u015bci"},"content":{"rendered":"\t\t<div data-elementor-type=\"wp-page\" data-elementor-id=\"795\" class=\"elementor elementor-795\" data-elementor-settings=\"{&quot;ha_cmc_init_switcher&quot;:&quot;no&quot;}\">\n\t\t\t\t\t\t<section class=\"elementor-section elementor-top-section elementor-element elementor-element-3730ef01 elementor-section-height-min-height elementor-section-content-middle elementor-section-boxed elementor-section-height-default elementor-section-items-middle wpr-particle-no wpr-jarallax-no wpr-parallax-no wpr-sticky-section-no\" data-id=\"3730ef01\" data-element_type=\"section\" data-settings=\"{&quot;background_background&quot;:&quot;classic&quot;,&quot;_ha_eqh_enable&quot;:false}\">\n\t\t\t\t\t\t\t<div class=\"elementor-background-overlay\"><\/div>\n\t\t\t\t\t\t\t<div class=\"elementor-container elementor-column-gap-default\">\n\t\t\t\t\t<div class=\"elementor-column elementor-col-100 elementor-top-column elementor-element elementor-element-3271a306\" data-id=\"3271a306\" data-element_type=\"column\">\n\t\t\t<div class=\"elementor-widget-wrap elementor-element-populated\">\n\t\t\t\t\t\t<div class=\"elementor-element elementor-element-1c18478e elementor-widget elementor-widget-heading\" data-id=\"1c18478e\" data-element_type=\"widget\" data-widget_type=\"heading.default\">\n\t\t\t\t<div class=\"elementor-widget-container\">\n\t\t\t<h2 class=\"elementor-heading-title elementor-size-default\">Aktualno\u015bci<\/h2>\t\t<\/div>\n\t\t\t\t<\/div>\n\t\t\t\t\t<\/div>\n\t\t<\/div>\n\t\t\t\t\t<\/div>\n\t\t<\/section>\n\t\t<div class=\"elementor-element elementor-element-c42dd08 e-flex e-con-boxed wpr-particle-no wpr-jarallax-no wpr-parallax-no wpr-sticky-section-no e-con e-parent\" data-id=\"c42dd08\" data-element_type=\"container\" data-settings=\"{&quot;_ha_eqh_enable&quot;:false}\">\n\t\t\t\t\t<div class=\"e-con-inner\">\n\t\t\t\t<div class=\"elementor-element elementor-element-0d3bf4e elementor-widget elementor-widget-spacer\" data-id=\"0d3bf4e\" data-element_type=\"widget\" data-widget_type=\"spacer.default\">\n\t\t\t\t<div class=\"elementor-widget-container\">\n\t\t\t\t\t<div class=\"elementor-spacer\">\n\t\t\t<div class=\"elementor-spacer-inner\"><\/div>\n\t\t<\/div>\n\t\t\t\t<\/div>\n\t\t\t\t<\/div>\n\t\t\t\t\t<\/div>\n\t\t\t\t<\/div>\n\t\t<div class=\"elementor-element elementor-element-e085455 e-flex e-con-boxed wpr-particle-no wpr-jarallax-no wpr-parallax-no wpr-sticky-section-no e-con e-parent\" data-id=\"e085455\" data-element_type=\"container\" data-settings=\"{&quot;_ha_eqh_enable&quot;:false}\">\n\t\t\t\t\t<div class=\"e-con-inner\">\n\t\t\t\t<div class=\"elementor-element elementor-element-585fa91 wpr-grid-columns-3 wpr-grid-columns--tablet2 wpr-grid-columns--mobile1 wpr-grid-pagination-center wpr-item-styles-inner elementor-widget elementor-widget-wpr-grid\" data-id=\"585fa91\" data-element_type=\"widget\" data-widget_type=\"wpr-grid.default\">\n\t\t\t\t<div class=\"elementor-widget-container\">\n\t\t\t<ul class=\"wpr-grid-filters elementor-clearfix wpr-grid-filters-sep-right\"><li class=\" wpr-pointer-none wpr-pointer-line-fx wpr-pointer-fx-none\"><span data-filter=\"*\" class=\"wpr-active-filter \">Wszystkie<\/span><em class=\"wpr-grid-filters-sep\"><\/em><\/li><li class=\" wpr-pointer-none wpr-pointer-line-fx wpr-pointer-fx-none\"><span  data-filter=\".category-aktualnosci\">Aktualno\u015bci<\/span><em class=\"wpr-grid-filters-sep\"><\/em><\/li><li class=\" wpr-pointer-none wpr-pointer-line-fx wpr-pointer-fx-none\"><span  data-filter=\".category-badania\">Badania<\/span><em class=\"wpr-grid-filters-sep\"><\/em><\/li><li class=\" wpr-pointer-none wpr-pointer-line-fx wpr-pointer-fx-none\"><span  data-filter=\".category-rekomendacje\">Rekomendacje<\/span><em class=\"wpr-grid-filters-sep\"><\/em><\/li><li class=\" wpr-pointer-none wpr-pointer-line-fx wpr-pointer-fx-none\"><span  data-filter=\".category-spotkania\">Spotkania<\/span><em class=\"wpr-grid-filters-sep\"><\/em><\/li><\/ul><section class=\"wpr-grid elementor-clearfix\" data-settings=\"{&quot;layout&quot;:&quot;fitRows&quot;,&quot;stick_last_element_to_bottom&quot;:&quot;&quot;,&quot;columns_desktop&quot;:3,&quot;gutter_hr&quot;:15,&quot;gutter_hr_mobile&quot;:15,&quot;gutter_hr_mobile_extra&quot;:15,&quot;gutter_hr_tablet&quot;:15,&quot;gutter_hr_tablet_extra&quot;:15,&quot;gutter_hr_laptop&quot;:15,&quot;gutter_hr_widescreen&quot;:15,&quot;gutter_vr&quot;:15,&quot;gutter_vr_mobile&quot;:15,&quot;gutter_vr_mobile_extra&quot;:15,&quot;gutter_vr_tablet&quot;:15,&quot;gutter_vr_tablet_extra&quot;:15,&quot;gutter_vr_laptop&quot;:15,&quot;gutter_vr_widescreen&quot;:15,&quot;animation&quot;:&quot;default&quot;,&quot;animation_duration&quot;:0.3,&quot;animation_delay&quot;:0.1,&quot;deeplinking&quot;:&quot;&quot;,&quot;filters_linkable&quot;:&quot;no&quot;,&quot;filters_default_filter&quot;:&quot;&quot;,&quot;filters_count&quot;:&quot;&quot;,&quot;filters_hide_empty&quot;:&quot;no&quot;,&quot;filters_animation&quot;:&quot;default&quot;,&quot;filters_animation_duration&quot;:0.3,&quot;filters_animation_delay&quot;:0.1,&quot;pagination_type&quot;:&quot;load-more&quot;,&quot;pagination_max_pages&quot;:1,&quot;lightbox&quot;:{&quot;selector&quot;:&quot;.wpr-grid-image-wrap&quot;,&quot;iframeMaxWidth&quot;:&quot;60%&quot;,&quot;hash&quot;:false,&quot;autoplay&quot;:&quot;true&quot;,&quot;pause&quot;:5000,&quot;progressBar&quot;:&quot;true&quot;,&quot;counter&quot;:&quot;true&quot;,&quot;controls&quot;:&quot;true&quot;,&quot;getCaptionFromTitleOrAlt&quot;:&quot;true&quot;,&quot;thumbnail&quot;:&quot;&quot;,&quot;showThumbByDefault&quot;:&quot;&quot;,&quot;share&quot;:&quot;&quot;,&quot;zoom&quot;:&quot;true&quot;,&quot;fullScreen&quot;:&quot;true&quot;,&quot;download&quot;:&quot;true&quot;}}\"><article class=\"wpr-grid-item elementor-clearfix post-1019 post type-post status-publish format-standard has-post-thumbnail hentry category-aktualnosci category-rekomendacje\"><div class=\"wpr-grid-item-inner\"><div class=\"wpr-grid-media-wrap wpr-effect-size-medium \" data-overlay-link=\"yes\"><div class=\"wpr-grid-image-wrap\" data-src=\"https:\/\/pomorskie.zity.pl\/wp-content\/uploads\/2025\/01\/Big-Book-Cafe_nasze.rekomendacje.png\" data-img-on-hover=\"\"  data-src-secondary=\"\"><img decoding=\"async\" data-no-lazy=\"1\" src=\"https:\/\/pomorskie.zity.pl\/wp-content\/uploads\/2025\/01\/Big-Book-Cafe_nasze.rekomendacje.png\" alt=\"Rekomendacje z projektu\" class=\"wpr-anim-timing-ease-default\"><\/div><div class=\"wpr-grid-media-hover wpr-animation-wrap\"><div class=\"wpr-grid-media-hover-bg  wpr-overlay-fade-in wpr-anim-size-large wpr-anim-timing-ease-default wpr-anim-transparency\" data-url=\"https:\/\/pomorskie.zity.pl\/?p=1019\"><\/div><\/div><\/div><div class=\"wpr-grid-item-below-content elementor-clearfix\"><h2 class=\"wpr-grid-item-title elementor-repeater-item-84ac384 wpr-grid-item-display-block wpr-grid-item-align-left wpr-pointer-none wpr-pointer-line-fx wpr-pointer-fx-fade\"><div class=\"inner-block\"><a target=\"_self\"  href=\"https:\/\/pomorskie.zity.pl\/?p=1019\">Rekomendacje z projektu<\/a><\/div><\/h2><div class=\"wpr-grid-item-date elementor-repeater-item-86b4c2b wpr-grid-item-display-inline wpr-grid-item-align-left\"><div class=\"inner-block\"><span>2024-12-12<span class=\"wpr-grid-extra-text-right\">\/<\/span><\/span><\/div><\/div><div class=\"wpr-grid-item-excerpt elementor-repeater-item-6709c4d wpr-grid-item-display-block wpr-grid-item-align-left\"><div class=\"inner-block\"><p>REKOMENDACJE WYPRACOWANE W RAMACH PROJEKTU:1) zasada partnerstwa w pracach ZIT &#8211; przedstawiciele partner\u00f3w spoza administracji maj\u0105 mo\u017cliwo\u015b\u0107 uczestniczenia we wszystkich&hellip;<\/p><\/div><\/div><div class=\"wpr-grid-item-read-more elementor-repeater-item-aa0f628 wpr-grid-item-display-block wpr-grid-item-align-left\"><div class=\"inner-block\"><a target=\"_self\" href=\"https:\/\/pomorskie.zity.pl\/?p=1019\" class=\"wpr-button-effect wpr-button-none\"><span>Czytaj dalej<\/span><\/a><\/div><\/div><\/div><\/div><\/article><article class=\"wpr-grid-item elementor-clearfix post-964 post type-post status-publish format-standard has-post-thumbnail hentry category-aktualnosci category-spotkania\"><div class=\"wpr-grid-item-inner\"><div class=\"wpr-grid-media-wrap wpr-effect-size-medium \" data-overlay-link=\"yes\"><div class=\"wpr-grid-image-wrap\" data-src=\"https:\/\/pomorskie.zity.pl\/wp-content\/uploads\/2025\/01\/dobre-na-stron-1-scaled.jpg\" data-img-on-hover=\"\"  data-src-secondary=\"\"><img decoding=\"async\" data-no-lazy=\"1\" src=\"https:\/\/pomorskie.zity.pl\/wp-content\/uploads\/2025\/01\/dobre-na-stron-1-scaled.jpg\" alt=\"OLYMPUS DIGITAL CAMERA\" class=\"wpr-anim-timing-ease-default\"><\/div><div class=\"wpr-grid-media-hover wpr-animation-wrap\"><div class=\"wpr-grid-media-hover-bg  wpr-overlay-fade-in wpr-anim-size-large wpr-anim-timing-ease-default wpr-anim-transparency\" data-url=\"https:\/\/pomorskie.zity.pl\/?p=964\"><\/div><\/div><\/div><div class=\"wpr-grid-item-below-content elementor-clearfix\"><h2 class=\"wpr-grid-item-title elementor-repeater-item-84ac384 wpr-grid-item-display-block wpr-grid-item-align-left wpr-pointer-none wpr-pointer-line-fx wpr-pointer-fx-fade\"><div class=\"inner-block\"><a target=\"_self\"  href=\"https:\/\/pomorskie.zity.pl\/?p=964\">Dzia\u0142ania i Konferencja<\/a><\/div><\/h2><div class=\"wpr-grid-item-date elementor-repeater-item-86b4c2b wpr-grid-item-display-inline wpr-grid-item-align-left\"><div class=\"inner-block\"><span>2024-12-12<span class=\"wpr-grid-extra-text-right\">\/<\/span><\/span><\/div><\/div><div class=\"wpr-grid-item-excerpt elementor-repeater-item-6709c4d wpr-grid-item-display-block wpr-grid-item-align-left\"><div class=\"inner-block\"><p>Nasze zamierzeniaW projekcie nie opieramy si\u0119 na opiniach w\u0142asnych, do\u015bwiadczeniach i obserwacjach, tylko na badaniami w odniesieniu do obowi\u0105zuj\u0105cego ustawodawstwa.&hellip;<\/p><\/div><\/div><div class=\"wpr-grid-item-read-more elementor-repeater-item-aa0f628 wpr-grid-item-display-block wpr-grid-item-align-left\"><div class=\"inner-block\"><a target=\"_self\" href=\"https:\/\/pomorskie.zity.pl\/?p=964\" class=\"wpr-button-effect wpr-button-none\"><span>Czytaj dalej<\/span><\/a><\/div><\/div><\/div><\/div><\/article><article class=\"wpr-grid-item elementor-clearfix post-822 post type-post status-publish format-standard has-post-thumbnail hentry category-rekomendacje\"><div class=\"wpr-grid-item-inner\"><div class=\"wpr-grid-media-wrap wpr-effect-size-medium \" data-overlay-link=\"yes\"><div class=\"wpr-grid-image-wrap\" data-src=\"https:\/\/pomorskie.zity.pl\/wp-content\/uploads\/2024\/10\/pexels-fauxels-3184418-scaled.jpg\" data-img-on-hover=\"\"  data-src-secondary=\"\"><img decoding=\"async\" data-no-lazy=\"1\" src=\"https:\/\/pomorskie.zity.pl\/wp-content\/uploads\/2024\/10\/pexels-fauxels-3184418-scaled.jpg\" alt=\"Zasada partnerstwa w ZIT-ach &#8211; rekomendacje od proste.NGO\" class=\"wpr-anim-timing-ease-default\"><\/div><div class=\"wpr-grid-media-hover wpr-animation-wrap\"><div class=\"wpr-grid-media-hover-bg  wpr-overlay-fade-in wpr-anim-size-large wpr-anim-timing-ease-default wpr-anim-transparency\" data-url=\"https:\/\/pomorskie.zity.pl\/?p=822\"><\/div><\/div><\/div><div class=\"wpr-grid-item-below-content elementor-clearfix\"><h2 class=\"wpr-grid-item-title elementor-repeater-item-84ac384 wpr-grid-item-display-block wpr-grid-item-align-left wpr-pointer-none wpr-pointer-line-fx wpr-pointer-fx-fade\"><div class=\"inner-block\"><a target=\"_self\"  href=\"https:\/\/pomorskie.zity.pl\/?p=822\">Zasada partnerstwa w ZIT-ach &#8211; rekomendacje od proste.NGO<\/a><\/div><\/h2><div class=\"wpr-grid-item-date elementor-repeater-item-86b4c2b wpr-grid-item-display-inline wpr-grid-item-align-left\"><div class=\"inner-block\"><span>2024-12-11<span class=\"wpr-grid-extra-text-right\">\/<\/span><\/span><\/div><\/div><div class=\"wpr-grid-item-excerpt elementor-repeater-item-6709c4d wpr-grid-item-display-block wpr-grid-item-align-left\"><div class=\"inner-block\"><p>Przygotowaniem dla uczestnik\u00f3w&nbsp; naszych spotka\u0144 zespo\u0142\u00f3w roboczych by\u0142 udzia\u0142 na prze\u0142omie wrze\u015bnia i pa\u017adziernika w wizycie studyjnej w Siemczynie (Pojezierze&hellip;<\/p><\/div><\/div><div class=\"wpr-grid-item-read-more elementor-repeater-item-aa0f628 wpr-grid-item-display-block wpr-grid-item-align-left\"><div class=\"inner-block\"><a target=\"_self\" href=\"https:\/\/pomorskie.zity.pl\/?p=822\" class=\"wpr-button-effect wpr-button-none\"><span>Czytaj dalej<\/span><\/a><\/div><\/div><\/div><\/div><\/article><article class=\"wpr-grid-item elementor-clearfix post-812 post type-post status-publish format-standard has-post-thumbnail hentry category-badania\"><div class=\"wpr-grid-item-inner\"><div class=\"wpr-grid-media-wrap wpr-effect-size-medium \" data-overlay-link=\"yes\"><div class=\"wpr-grid-image-wrap\" data-src=\"https:\/\/pomorskie.zity.pl\/wp-content\/uploads\/2024\/12\/pods_badan.jpg\" data-img-on-hover=\"\"  data-src-secondary=\"\"><img decoding=\"async\" data-no-lazy=\"1\" src=\"https:\/\/pomorskie.zity.pl\/wp-content\/uploads\/2024\/12\/pods_badan.jpg\" alt=\"Zintegrowane Inwestycje Terytorialne \u2013 podsumowanie wniosk\u00f3w z badania\" class=\"wpr-anim-timing-ease-default\"><\/div><div class=\"wpr-grid-media-hover wpr-animation-wrap\"><div class=\"wpr-grid-media-hover-bg  wpr-overlay-fade-in wpr-anim-size-large wpr-anim-timing-ease-default wpr-anim-transparency\" data-url=\"https:\/\/pomorskie.zity.pl\/?p=812\"><\/div><\/div><\/div><div class=\"wpr-grid-item-below-content elementor-clearfix\"><h2 class=\"wpr-grid-item-title elementor-repeater-item-84ac384 wpr-grid-item-display-block wpr-grid-item-align-left wpr-pointer-none wpr-pointer-line-fx wpr-pointer-fx-fade\"><div class=\"inner-block\"><a target=\"_self\"  href=\"https:\/\/pomorskie.zity.pl\/?p=812\">Zintegrowane Inwestycje Terytorialne \u2013 podsumowanie wniosk\u00f3w z badania<\/a><\/div><\/h2><div class=\"wpr-grid-item-date elementor-repeater-item-86b4c2b wpr-grid-item-display-inline wpr-grid-item-align-left\"><div class=\"inner-block\"><span>2024-12-11<span class=\"wpr-grid-extra-text-right\">\/<\/span><\/span><\/div><\/div><div class=\"wpr-grid-item-excerpt elementor-repeater-item-6709c4d wpr-grid-item-display-block wpr-grid-item-align-left\"><div class=\"inner-block\"><p>Zapraszamy do zapoznania si\u0119 publikacj\u0105 dost\u0119pn\u0105 pod linkiem:https:\/\/monitoringfunduszy.ofop.eu\/zintegrowane-inwestycje-terytorialne-podsumowanie-wnioskow-z-badania\/<\/p><\/div><\/div><div class=\"wpr-grid-item-read-more elementor-repeater-item-aa0f628 wpr-grid-item-display-block wpr-grid-item-align-left\"><div class=\"inner-block\"><a target=\"_self\" href=\"https:\/\/pomorskie.zity.pl\/?p=812\" class=\"wpr-button-effect wpr-button-none\"><span>Czytaj dalej<\/span><\/a><\/div><\/div><\/div><\/div><\/article><article class=\"wpr-grid-item elementor-clearfix post-804 post type-post status-publish format-standard has-post-thumbnail hentry category-badania\"><div class=\"wpr-grid-item-inner\"><div class=\"wpr-grid-media-wrap wpr-effect-size-medium \" data-overlay-link=\"yes\"><div class=\"wpr-grid-image-wrap\" data-src=\"https:\/\/pomorskie.zity.pl\/wp-content\/uploads\/2024\/12\/ofop_badania.jpg\" data-img-on-hover=\"\"  data-src-secondary=\"\"><img decoding=\"async\" data-no-lazy=\"1\" src=\"https:\/\/pomorskie.zity.pl\/wp-content\/uploads\/2024\/12\/ofop_badania.jpg\" alt=\"Badania OFOP\" class=\"wpr-anim-timing-ease-default\"><\/div><div class=\"wpr-grid-media-hover wpr-animation-wrap\"><div class=\"wpr-grid-media-hover-bg  wpr-overlay-fade-in wpr-anim-size-large wpr-anim-timing-ease-default wpr-anim-transparency\" data-url=\"https:\/\/pomorskie.zity.pl\/?p=804\"><\/div><\/div><\/div><div class=\"wpr-grid-item-below-content elementor-clearfix\"><h2 class=\"wpr-grid-item-title elementor-repeater-item-84ac384 wpr-grid-item-display-block wpr-grid-item-align-left wpr-pointer-none wpr-pointer-line-fx wpr-pointer-fx-fade\"><div class=\"inner-block\"><a target=\"_self\"  href=\"https:\/\/pomorskie.zity.pl\/?p=804\">Badania OFOP<\/a><\/div><\/h2><div class=\"wpr-grid-item-date elementor-repeater-item-86b4c2b wpr-grid-item-display-inline wpr-grid-item-align-left\"><div class=\"inner-block\"><span>2024-12-11<span class=\"wpr-grid-extra-text-right\">\/<\/span><\/span><\/div><\/div><div class=\"wpr-grid-item-excerpt elementor-repeater-item-6709c4d wpr-grid-item-display-block wpr-grid-item-align-left\"><div class=\"inner-block\"><p>Zapraszamy do zapoznania si\u0119 z badaniami dotycz\u0105cymi udzia\u0142u spo\u0142ecze\u0144stwa obywatelskiego w Partnerstwie na rzecz Zintegrowanych Inwestycji Terytorialnych Funduszy Europejskich na&hellip;<\/p><\/div><\/div><div class=\"wpr-grid-item-read-more elementor-repeater-item-aa0f628 wpr-grid-item-display-block wpr-grid-item-align-left\"><div class=\"inner-block\"><a target=\"_self\" href=\"https:\/\/pomorskie.zity.pl\/?p=804\" class=\"wpr-button-effect wpr-button-none\"><span>Czytaj dalej<\/span><\/a><\/div><\/div><\/div><\/div><\/article><article class=\"wpr-grid-item elementor-clearfix post-1014 post type-post status-publish format-standard has-post-thumbnail hentry category-aktualnosci category-spotkania\"><div class=\"wpr-grid-item-inner\"><div class=\"wpr-grid-media-wrap wpr-effect-size-medium \" data-overlay-link=\"yes\"><div class=\"wpr-grid-image-wrap\" data-src=\"https:\/\/pomorskie.zity.pl\/wp-content\/uploads\/2025\/01\/Zdjecie-WhatsApp-2025-01-16-o-14.08.27_7a088395.jpg\" data-img-on-hover=\"\"  data-src-secondary=\"\"><img decoding=\"async\" data-no-lazy=\"1\" src=\"https:\/\/pomorskie.zity.pl\/wp-content\/uploads\/2025\/01\/Zdjecie-WhatsApp-2025-01-16-o-14.08.27_7a088395.jpg\" alt=\"Spotkanie zespo\u0142u mi\u0119dzysektorowego w siedzibie Pracodawc\u00f3w Pomorza\" class=\"wpr-anim-timing-ease-default\"><\/div><div class=\"wpr-grid-media-hover wpr-animation-wrap\"><div class=\"wpr-grid-media-hover-bg  wpr-overlay-fade-in wpr-anim-size-large wpr-anim-timing-ease-default wpr-anim-transparency\" data-url=\"https:\/\/pomorskie.zity.pl\/?p=1014\"><\/div><\/div><\/div><div class=\"wpr-grid-item-below-content elementor-clearfix\"><h2 class=\"wpr-grid-item-title elementor-repeater-item-84ac384 wpr-grid-item-display-block wpr-grid-item-align-left wpr-pointer-none wpr-pointer-line-fx wpr-pointer-fx-fade\"><div class=\"inner-block\"><a target=\"_self\"  href=\"https:\/\/pomorskie.zity.pl\/?p=1014\">Spotkanie zespo\u0142u mi\u0119dzysektorowego w siedzibie Pracodawc\u00f3w Pomorza<\/a><\/div><\/h2><div class=\"wpr-grid-item-date elementor-repeater-item-86b4c2b wpr-grid-item-display-inline wpr-grid-item-align-left\"><div class=\"inner-block\"><span>2024-11-25<span class=\"wpr-grid-extra-text-right\">\/<\/span><\/span><\/div><\/div><div class=\"wpr-grid-item-excerpt elementor-repeater-item-6709c4d wpr-grid-item-display-block wpr-grid-item-align-left\"><div class=\"inner-block\"><p>W siedzibie Pracodawc\u00f3w Pomorza w Gda\u0144sku odby\u0142y si\u0119 trzy spotkania (14.10.24, 8.11.24 i 25.11.24) zespo\u0142u mi\u0119dzysektorowego celem wypracowania rekomendacji dotycz\u0105cych&hellip;<\/p><\/div><\/div><div class=\"wpr-grid-item-read-more elementor-repeater-item-aa0f628 wpr-grid-item-display-block wpr-grid-item-align-left\"><div class=\"inner-block\"><a target=\"_self\" href=\"https:\/\/pomorskie.zity.pl\/?p=1014\" class=\"wpr-button-effect wpr-button-none\"><span>Czytaj dalej<\/span><\/a><\/div><\/div><\/div><\/div><\/article><article class=\"wpr-grid-item elementor-clearfix post-955 post type-post status-publish format-standard has-post-thumbnail hentry category-spotkania\"><div class=\"wpr-grid-item-inner\"><div class=\"wpr-grid-media-wrap wpr-effect-size-medium \" data-overlay-link=\"yes\"><div class=\"wpr-grid-image-wrap\" data-src=\"https:\/\/pomorskie.zity.pl\/wp-content\/uploads\/2025\/01\/q07-picture6719fc882a0af.jpg\" data-img-on-hover=\"\"  data-src-secondary=\"\"><img decoding=\"async\" data-no-lazy=\"1\" src=\"https:\/\/pomorskie.zity.pl\/wp-content\/uploads\/2025\/01\/q07-picture6719fc882a0af.jpg\" alt=\"Pomorskie tr\u00f3jporozumienie na rzecz uspo\u0142ecznienia ZIT &#8211; spotkanie w Malborku\" class=\"wpr-anim-timing-ease-default\"><\/div><div class=\"wpr-grid-media-hover wpr-animation-wrap\"><div class=\"wpr-grid-media-hover-bg  wpr-overlay-fade-in wpr-anim-size-large wpr-anim-timing-ease-default wpr-anim-transparency\" data-url=\"https:\/\/pomorskie.zity.pl\/?p=955\"><\/div><\/div><\/div><div class=\"wpr-grid-item-below-content elementor-clearfix\"><h2 class=\"wpr-grid-item-title elementor-repeater-item-84ac384 wpr-grid-item-display-block wpr-grid-item-align-left wpr-pointer-none wpr-pointer-line-fx wpr-pointer-fx-fade\"><div class=\"inner-block\"><a target=\"_self\"  href=\"https:\/\/pomorskie.zity.pl\/?p=955\">Pomorskie tr\u00f3jporozumienie na rzecz uspo\u0142ecznienia ZIT &#8211; spotkanie w Malborku<\/a><\/div><\/h2><div class=\"wpr-grid-item-date elementor-repeater-item-86b4c2b wpr-grid-item-display-inline wpr-grid-item-align-left\"><div class=\"inner-block\"><span>2024-10-24<span class=\"wpr-grid-extra-text-right\">\/<\/span><\/span><\/div><\/div><div class=\"wpr-grid-item-excerpt elementor-repeater-item-6709c4d wpr-grid-item-display-block wpr-grid-item-align-left\"><div class=\"inner-block\"><p>23 pa\u017adziernika 2024 r. na zaproszenie Stowarzyszenia EUREKA w Urz\u0119dzie Miasta Malborka odby\u0142o si\u0119 spotkanie Partner\u00f3w MOF Malbork-Sztum z przedstawicielami&hellip;<\/p><\/div><\/div><div class=\"wpr-grid-item-read-more elementor-repeater-item-aa0f628 wpr-grid-item-display-block wpr-grid-item-align-left\"><div class=\"inner-block\"><a target=\"_self\" href=\"https:\/\/pomorskie.zity.pl\/?p=955\" class=\"wpr-button-effect wpr-button-none\"><span>Czytaj dalej<\/span><\/a><\/div><\/div><\/div><\/div><\/article><\/section>\t\t<\/div>\n\t\t\t\t<\/div>\n\t\t\t\t\t<\/div>\n\t\t\t\t<\/div>\n\t\t\t\t<\/div>\n\t\t","protected":false},"excerpt":{"rendered":"<p>Aktualno\u015bci Wszystkie Aktualno\u015bci Badania Rekomendacje Spotkania Rekomendacje z projektu 2024-12-12\/ REKOMENDACJE WYPRACOWANE W RAMACH PROJEKTU:1) zasada partnerstwa w pracach ZIT &#8211; przedstawiciele partner\u00f3w spoza administracji maj\u0105 mo\u017cliwo\u015b\u0107 uczestniczenia we wszystkich&hellip; Czytaj dalej Dzia\u0142ania i Konferencja 2024-12-12\/ &nbsp;Prace zespo\u0142\u00f3w mi\u0119dzysektorowychW ramach projektu w okresie IX-XI 2024 odby\u0142o si\u0119 6 spotkaniach zespo\u0142\u00f3w partner\u00f3w z obszaru 2 ZIT, w&hellip; Czytaj dalej Zasada partnerstwa w ZIT-ach &#8211; rekomendacje od proste.NGO 2024-12-11\/ Przygotowaniem dla uczestnik\u00f3w&nbsp; naszych spotka\u0144 zespo\u0142\u00f3w roboczych by\u0142 udzia\u0142 na prze\u0142omie wrze\u015bnia i pa\u017adziernika w wizycie studyjnej w Siemczynie (Pojezierze&hellip; Czytaj dalej Zintegrowane Inwestycje Terytorialne \u2013 podsumowanie wniosk\u00f3w z badania 2024-12-11\/ Zapraszamy do zapoznania si\u0119 publikacj\u0105 dost\u0119pn\u0105 pod linkiem:https:\/\/monitoringfunduszy.ofop.eu\/zintegrowane-inwestycje-terytorialne-podsumowanie-wnioskow-z-badania\/ Czytaj dalej Badania OFOP 2024-12-11\/ Zapraszamy do zapoznania si\u0119 z badaniami dotycz\u0105cymi udzia\u0142u spo\u0142ecze\u0144stwa obywatelskiego w Partnerstwie na rzecz Zintegrowanych Inwestycji Terytorialnych Funduszy Europejskich na&hellip; Czytaj dalej Spotkanie zespo\u0142u mi\u0119dzysektorowego w siedzibie Pracodawc\u00f3w Pomorza 2024-11-25\/ W siedzibie Pracodawc\u00f3w Pomorza w Gda\u0144sku odby\u0142y si\u0119 trzy spotkania (14.10.24, 8.11.24 i 25.11.24) zespo\u0142u mi\u0119dzysektorowego celem wypracowania rekomendacji dotycz\u0105cych&hellip; Czytaj dalej Pomorskie tr\u00f3jporozumienie na rzecz uspo\u0142ecznienia ZIT &#8211; spotkanie w Malborku 2024-10-24\/ 23 pa\u017adziernika 2024 r. na zaproszenie Stowarzyszenia EUREKA w Urz\u0119dzie Miasta Malborka odby\u0142o si\u0119 spotkanie Partner\u00f3w MOF Malbork-Sztum z przedstawicielami&hellip; Czytaj dalej<\/p>\n","protected":false},"author":1,"featured_media":0,"parent":0,"menu_order":0,"comment_status":"closed","ping_status":"closed","template":"elementor_canvas","meta":{"footnotes":""},"class_list":["post-795","page","type-page","status-publish","hentry"],"_links":{"self":[{"href":"https:\/\/pomorskie.zity.pl\/index.php?rest_route=\/wp\/v2\/pages\/795","targetHints":{"allow":["GET"]}}],"collection":[{"href":"https:\/\/pomorskie.zity.pl\/index.php?rest_route=\/wp\/v2\/pages"}],"about":[{"href":"https:\/\/pomorskie.zity.pl\/index.php?rest_route=\/wp\/v2\/types\/page"}],"author":[{"embeddable":true,"href":"https:\/\/pomorskie.zity.pl\/index.php?rest_route=\/wp\/v2\/users\/1"}],"replies":[{"embeddable":true,"href":"https:\/\/pomorskie.zity.pl\/index.php?rest_route=%2Fwp%2Fv2%2Fcomments&post=795"}],"version-history":[{"count":13,"href":"https:\/\/pomorskie.zity.pl\/index.php?rest_route=\/wp\/v2\/pages\/795\/revisions"}],"predecessor-version":[{"id":1026,"href":"https:\/\/pomorskie.zity.pl\/index.php?rest_route=\/wp\/v2\/pages\/795\/revisions\/1026"}],"wp:attachment":[{"href":"https:\/\/pomorskie.zity.pl\/index.php?rest_route=%2Fwp%2Fv2%2Fmedia&parent=795"}],"curies":[{"name":"wp","href":"https:\/\/api.w.org\/{rel}","templated":true}]}}