{"id":854,"date":"2024-12-11T19:14:24","date_gmt":"2024-12-11T18:14:24","guid":{"rendered":"https:\/\/pomorskie.zity.pl\/?page_id=854"},"modified":"2024-12-11T19:30:18","modified_gmt":"2024-12-11T18:30:18","slug":"zit-y-ogolem","status":"publish","type":"page","link":"https:\/\/pomorskie.zity.pl\/?page_id=854","title":{"rendered":"ZIT-y og\u00f3\u0142em"},"content":{"rendered":"\t\t<div data-elementor-type=\"wp-page\" data-elementor-id=\"854\" class=\"elementor elementor-854\" data-elementor-settings=\"{&quot;ha_cmc_init_switcher&quot;:&quot;no&quot;}\">\n\t\t\t\t\t\t<section class=\"elementor-section elementor-top-section elementor-element elementor-element-3730ef01 elementor-section-height-min-height elementor-section-content-middle elementor-section-boxed elementor-section-height-default elementor-section-items-middle wpr-particle-no wpr-jarallax-no wpr-parallax-no wpr-sticky-section-no\" data-id=\"3730ef01\" data-element_type=\"section\" data-settings=\"{&quot;background_background&quot;:&quot;classic&quot;,&quot;_ha_eqh_enable&quot;:false}\">\n\t\t\t\t\t\t\t<div class=\"elementor-background-overlay\"><\/div>\n\t\t\t\t\t\t\t<div class=\"elementor-container elementor-column-gap-default\">\n\t\t\t\t\t<div class=\"elementor-column elementor-col-100 elementor-top-column elementor-element elementor-element-3271a306\" data-id=\"3271a306\" data-element_type=\"column\">\n\t\t\t<div class=\"elementor-widget-wrap elementor-element-populated\">\n\t\t\t\t\t\t<div class=\"elementor-element elementor-element-1c18478e elementor-widget elementor-widget-heading\" data-id=\"1c18478e\" data-element_type=\"widget\" data-widget_type=\"heading.default\">\n\t\t\t\t<div class=\"elementor-widget-container\">\n\t\t\t<h2 class=\"elementor-heading-title elementor-size-default\">ZIT-y na terenie Pomorza<\/h2>\t\t<\/div>\n\t\t\t\t<\/div>\n\t\t\t\t\t<\/div>\n\t\t<\/div>\n\t\t\t\t\t<\/div>\n\t\t<\/section>\n\t\t<div class=\"elementor-element elementor-element-c42dd08 e-flex e-con-boxed wpr-particle-no wpr-jarallax-no wpr-parallax-no wpr-sticky-section-no e-con e-parent\" data-id=\"c42dd08\" data-element_type=\"container\" data-settings=\"{&quot;_ha_eqh_enable&quot;:false}\">\n\t\t\t\t\t<div class=\"e-con-inner\">\n\t\t\t\t<div class=\"elementor-element elementor-element-9bc7a8e elementor-widget elementor-widget-image\" data-id=\"9bc7a8e\" data-element_type=\"widget\" data-widget_type=\"image.default\">\n\t\t\t\t<div class=\"elementor-widget-container\">\n\t\t\t\t\t\t\t\t\t\t\t\t\t<img fetchpriority=\"high\" decoding=\"async\" width=\"960\" height=\"719\" src=\"https:\/\/pomorskie.zity.pl\/wp-content\/uploads\/2024\/12\/mapka_zit-1024x767.jpg\" class=\"attachment-large size-large wp-image-863\" alt=\"\" srcset=\"https:\/\/pomorskie.zity.pl\/wp-content\/uploads\/2024\/12\/mapka_zit-1024x767.jpg 1024w, https:\/\/pomorskie.zity.pl\/wp-content\/uploads\/2024\/12\/mapka_zit-300x225.jpg 300w, https:\/\/pomorskie.zity.pl\/wp-content\/uploads\/2024\/12\/mapka_zit-768x575.jpg 768w, https:\/\/pomorskie.zity.pl\/wp-content\/uploads\/2024\/12\/mapka_zit-1536x1151.jpg 1536w, https:\/\/pomorskie.zity.pl\/wp-content\/uploads\/2024\/12\/mapka_zit.jpg 1914w\" sizes=\"(max-width: 960px) 100vw, 960px\" \/>\t\t\t\t\t\t\t\t\t\t\t\t\t<\/div>\n\t\t\t\t<\/div>\n\t\t\t\t\t<\/div>\n\t\t\t\t<\/div>\n\t\t<div class=\"elementor-element elementor-element-3319440 e-flex e-con-boxed wpr-particle-no wpr-jarallax-no wpr-parallax-no wpr-sticky-section-no e-con e-parent\" data-id=\"3319440\" data-element_type=\"container\" data-settings=\"{&quot;_ha_eqh_enable&quot;:false}\">\n\t\t\t\t\t<div class=\"e-con-inner\">\n\t\t\t\t<div class=\"elementor-element elementor-element-a113247 elementor-widget elementor-widget-text-editor\" data-id=\"a113247\" data-element_type=\"widget\" data-widget_type=\"text-editor.default\">\n\t\t\t\t<div class=\"elementor-widget-container\">\n\t\t\t\t\t\t\t<h3>Og\u00f3lny opis wszystkich MOF (Miejskich Obszar\u00f3w Funkcjonalnych)<br \/>Stan na kwiecie\u0144 2024 r.<\/h3><p>Dane na podstawie prezentacji dost\u0119pnej pod linkiem: <a href=\"http:\/\/pomorskie.zity.pl\/wp-content\/uploads\/2024\/12\/9.-Uspolecznienie-procesu-decyzyjnego-w-ramach-instrumentow-terytorialnych-ZIT-i-ZPT-1-1.pdf\" target=\"_blank\" rel=\"noopener\">PREZENTACJA<\/a><\/p><p>MOF w ramach instrument\u00f3w terytorialnych ZIT obejmuj\u0105 81,5% populacji wojew\u00f3dztwa pomorskiego. W sk\u0142ad dziewi\u0119ciu MOF wchodz\u0105:<\/p><ol><li>Obszar Metropolitalny Gda\u0144sk-Gdynia-Sopot (OMGGS)<\/li><li>Byt\u00f3w<\/li><li>Chojnice-Cz\u0142uch\u00f3w<\/li><li>Ko\u015bcierzyna<\/li><li>Kwidzyn<\/li><li>L\u0119bork<\/li><li>Malbork-Sztum<\/li><li>S\u0142upsk-Ustka<\/li><li>Starogard Gda\u0144ski<\/li><\/ol><p>Ka\u017cdy z MOF realizuje Strategi\u0119 ZIT, co wymaga wsp\u00f3\u0142pracy mi\u0119dzy jednostkami samorz\u0105du terytorialnego (JST) oraz zaanga\u017cowania spo\u0142ecznego. Obszary wsparcia obejmuj\u0105 m.in. efektywno\u015b\u0107 energetyczn\u0105, adaptacj\u0119 do zmian klimatu, r\u00f3\u017cnorodno\u015b\u0107 biologiczn\u0105, mobilno\u015b\u0107 miejsk\u0105, integracj\u0119 migrant\u00f3w, oraz infrastruktur\u0119 zdrowotn\u0105 i spo\u0142eczn\u0105.<\/p><h3>Podsumowanie informacji dla ka\u017cdego MOF<\/h3><h4>Tabela 1: Zakres dzia\u0142a\u0144 i zaanga\u017cowanie partner\u00f3w w MOF<\/h4><table><thead><tr><th>MOF<\/th><th>Konsultacje spo\u0142eczne<\/th><th>Uspo\u0142ecznione cia\u0142o doradcze<\/th><th>Otwarte nabory na projekty strategiczne<\/th><th>Obszary wsparcia<\/th><\/tr><\/thead><tbody><tr><td>OMGGS<\/td><td>Tak<\/td><td>Tak<\/td><td>Tak<\/td><td>Efektywno\u015b\u0107 energetyczna, infrastruktura spo\u0142eczna, adaptacja do zmian klimatu<\/td><\/tr><tr><td>Byt\u00f3w<\/td><td>Tak (2023-07-21 do 08-24)<\/td><td>Tak<\/td><td>Tak (01-15.03.2023)<\/td><td>Efektywno\u015b\u0107 energetyczna, r\u00f3\u017cnorodno\u015b\u0107 biologiczna, mobilno\u015b\u0107 miejska, integracja migrant\u00f3w, infrastruktura zdrowia<\/td><\/tr><tr><td>Chojnice-Cz\u0142uch\u00f3w<\/td><td>Tak (2024-03-08 do 03-20)<\/td><td>Nie<\/td><td>Tak (2022-11-23 do 12-09)<\/td><td>Efektywno\u015b\u0107 energetyczna, adaptacja do zmian klimatu, r\u00f3\u017cnorodno\u015b\u0107 biologiczna, infrastruktura zdrowia<\/td><\/tr><tr><td>Ko\u015bcierzyna<\/td><td>Tak (2023-02-16 do 03-23)<\/td><td>Tak<\/td><td>Tak<\/td><td>Efektywno\u015b\u0107 energetyczna, adaptacja do zmian klimatu, r\u00f3\u017cnorodno\u015b\u0107 biologiczna, infrastruktura zdrowia<\/td><\/tr><tr><td>Kwidzyn<\/td><td>Tak (2023-05-15 do 06-19)<\/td><td>Tak<\/td><td>Planowane<\/td><td>Efektywno\u015b\u0107 energetyczna, adaptacja do zmian klimatu, r\u00f3\u017cnorodno\u015b\u0107 biologiczna<\/td><\/tr><tr><td>L\u0119bork<\/td><td>Tak (2023-02-17 do 03-23)<\/td><td>Tak<\/td><td>Tak<\/td><td>Efektywno\u015b\u0107 energetyczna, adaptacja do zmian klimatu, r\u00f3\u017cnorodno\u015b\u0107 biologiczna<\/td><\/tr><tr><td>Malbork-Sztum<\/td><td>Tak (2023-04-14 do 05-05)<\/td><td>Tak<\/td><td>Tak (2023-06-02 do 06-14)<\/td><td>Efektywno\u015b\u0107 energetyczna, adaptacja do zmian klimatu, infrastruktura zdrowia<\/td><\/tr><tr><td>S\u0142upsk-Ustka<\/td><td>Tak (2023-10-06 do 11-12)<\/td><td>Tak<\/td><td>Tak (2021-07-05 do 09-30)<\/td><td>Efektywno\u015b\u0107 energetyczna, adaptacja do zmian klimatu, mobilno\u015b\u0107 miejska<\/td><\/tr><tr><td>Starogard Gda\u0144ski<\/td><td>Tak (2023-02-16 do 03-03)<\/td><td>Tak<\/td><td>Tak<\/td><td>Efektywno\u015b\u0107 energetyczna, mobilno\u015b\u0107 miejska, r\u00f3\u017cnorodno\u015b\u0107 biologiczna, infrastruktura zdrowia<\/td><\/tr><\/tbody><\/table><h4>Tabela 2: Przyk\u0142ady projekt\u00f3w strategicznych<\/h4><table><thead><tr><th>MOF<\/th><th>Projekty strategiczne<\/th><\/tr><\/thead><tbody><tr><td>Byt\u00f3w<\/td><td>Modernizacja energetyczna budynk\u00f3w u\u017cyteczno\u015bci publicznej<\/td><\/tr><tr><td>Chojnice-Cz\u0142uch\u00f3w<\/td><td>Termomodernizacja budynk\u00f3w i rozbudowa infrastruktury zdrowia<\/td><\/tr><tr><td>Ko\u015bcierzyna<\/td><td>Projekty dotycz\u0105ce adaptacji do zmian klimatu i r\u00f3\u017cnorodno\u015bci biologicznej<\/td><\/tr><tr><td>Kwidzyn<\/td><td>Planowane dzia\u0142ania w zakresie r\u00f3\u017cnorodno\u015bci biologicznej<\/td><\/tr><tr><td>Malbork-Sztum<\/td><td>Rozw\u00f3j infrastruktury zdrowotnej i poprawa efektywno\u015bci energetycznej budynk\u00f3w<\/td><\/tr><tr><td>S\u0142upsk-Ustka<\/td><td>Modernizacja szpitali i poprawa dost\u0119pu do us\u0142ug zdrowotnych<\/td><\/tr><tr><td>Starogard Gda\u0144ski<\/td><td>Wzmacnianie zielonej infrastruktury i termomodernizacja budynk\u00f3w<\/td><\/tr><\/tbody><\/table>\t\t\t\t\t\t<\/div>\n\t\t\t\t<\/div>\n\t\t\t\t\t<\/div>\n\t\t\t\t<\/div>\n\t\t\t\t<\/div>\n\t\t","protected":false},"excerpt":{"rendered":"<p>ZIT-y na terenie Pomorza Og\u00f3lny opis wszystkich MOF (Miejskich Obszar\u00f3w Funkcjonalnych)Stan na kwiecie\u0144 2024 r. Dane na podstawie prezentacji dost\u0119pnej pod linkiem: PREZENTACJA MOF w ramach instrument\u00f3w terytorialnych ZIT obejmuj\u0105 81,5% populacji wojew\u00f3dztwa pomorskiego. W sk\u0142ad dziewi\u0119ciu MOF wchodz\u0105: Obszar Metropolitalny Gda\u0144sk-Gdynia-Sopot (OMGGS) Byt\u00f3w Chojnice-Cz\u0142uch\u00f3w Ko\u015bcierzyna Kwidzyn L\u0119bork Malbork-Sztum S\u0142upsk-Ustka Starogard Gda\u0144ski Ka\u017cdy z MOF realizuje Strategi\u0119 ZIT, co wymaga wsp\u00f3\u0142pracy mi\u0119dzy jednostkami samorz\u0105du terytorialnego (JST) oraz zaanga\u017cowania spo\u0142ecznego. Obszary wsparcia obejmuj\u0105 m.in. efektywno\u015b\u0107 energetyczn\u0105, adaptacj\u0119 do zmian klimatu, r\u00f3\u017cnorodno\u015b\u0107 biologiczn\u0105, mobilno\u015b\u0107 miejsk\u0105, integracj\u0119 migrant\u00f3w, oraz infrastruktur\u0119 zdrowotn\u0105 i spo\u0142eczn\u0105. Podsumowanie informacji dla ka\u017cdego MOF Tabela 1: Zakres dzia\u0142a\u0144 i zaanga\u017cowanie partner\u00f3w w MOF MOF Konsultacje spo\u0142eczne Uspo\u0142ecznione cia\u0142o doradcze Otwarte nabory na projekty strategiczne Obszary wsparcia OMGGS Tak Tak Tak Efektywno\u015b\u0107 energetyczna, infrastruktura spo\u0142eczna, adaptacja do zmian klimatu Byt\u00f3w Tak (2023-07-21 do 08-24) Tak Tak (01-15.03.2023) Efektywno\u015b\u0107 energetyczna, r\u00f3\u017cnorodno\u015b\u0107 biologiczna, mobilno\u015b\u0107 miejska, integracja migrant\u00f3w, infrastruktura zdrowia Chojnice-Cz\u0142uch\u00f3w Tak (2024-03-08 do 03-20) Nie Tak (2022-11-23 do 12-09) Efektywno\u015b\u0107 energetyczna, adaptacja do zmian klimatu, r\u00f3\u017cnorodno\u015b\u0107 biologiczna, infrastruktura zdrowia Ko\u015bcierzyna Tak (2023-02-16 do 03-23) Tak Tak Efektywno\u015b\u0107 energetyczna, adaptacja do zmian klimatu, r\u00f3\u017cnorodno\u015b\u0107 biologiczna, infrastruktura zdrowia Kwidzyn Tak (2023-05-15 do 06-19) Tak Planowane Efektywno\u015b\u0107 energetyczna, adaptacja do zmian klimatu, r\u00f3\u017cnorodno\u015b\u0107 biologiczna L\u0119bork Tak (2023-02-17 do 03-23) Tak Tak Efektywno\u015b\u0107 energetyczna, adaptacja do zmian klimatu, r\u00f3\u017cnorodno\u015b\u0107 biologiczna Malbork-Sztum Tak (2023-04-14 do 05-05) Tak Tak (2023-06-02 do 06-14) Efektywno\u015b\u0107 energetyczna, adaptacja do zmian klimatu, infrastruktura zdrowia S\u0142upsk-Ustka Tak (2023-10-06 do 11-12) Tak Tak (2021-07-05 do 09-30) Efektywno\u015b\u0107 energetyczna, adaptacja do zmian klimatu, mobilno\u015b\u0107 miejska Starogard Gda\u0144ski Tak (2023-02-16 do 03-03) Tak Tak Efektywno\u015b\u0107 energetyczna, mobilno\u015b\u0107 miejska, r\u00f3\u017cnorodno\u015b\u0107 biologiczna, infrastruktura zdrowia Tabela 2: Przyk\u0142ady projekt\u00f3w strategicznych MOF Projekty strategiczne Byt\u00f3w Modernizacja energetyczna budynk\u00f3w u\u017cyteczno\u015bci publicznej Chojnice-Cz\u0142uch\u00f3w Termomodernizacja budynk\u00f3w i rozbudowa infrastruktury zdrowia Ko\u015bcierzyna Projekty dotycz\u0105ce adaptacji do zmian klimatu i r\u00f3\u017cnorodno\u015bci biologicznej Kwidzyn Planowane dzia\u0142ania w zakresie r\u00f3\u017cnorodno\u015bci biologicznej Malbork-Sztum Rozw\u00f3j infrastruktury zdrowotnej i poprawa efektywno\u015bci energetycznej budynk\u00f3w S\u0142upsk-Ustka Modernizacja szpitali i poprawa dost\u0119pu do us\u0142ug zdrowotnych Starogard Gda\u0144ski Wzmacnianie zielonej infrastruktury i termomodernizacja budynk\u00f3w<\/p>\n","protected":false},"author":1,"featured_media":0,"parent":0,"menu_order":0,"comment_status":"closed","ping_status":"closed","template":"elementor_canvas","meta":{"footnotes":""},"class_list":["post-854","page","type-page","status-publish","hentry"],"_links":{"self":[{"href":"https:\/\/pomorskie.zity.pl\/index.php?rest_route=\/wp\/v2\/pages\/854","targetHints":{"allow":["GET"]}}],"collection":[{"href":"https:\/\/pomorskie.zity.pl\/index.php?rest_route=\/wp\/v2\/pages"}],"about":[{"href":"https:\/\/pomorskie.zity.pl\/index.php?rest_route=\/wp\/v2\/types\/page"}],"author":[{"embeddable":true,"href":"https:\/\/pomorskie.zity.pl\/index.php?rest_route=\/wp\/v2\/users\/1"}],"replies":[{"embeddable":true,"href":"https:\/\/pomorskie.zity.pl\/index.php?rest_route=%2Fwp%2Fv2%2Fcomments&post=854"}],"version-history":[{"count":13,"href":"https:\/\/pomorskie.zity.pl\/index.php?rest_route=\/wp\/v2\/pages\/854\/revisions"}],"predecessor-version":[{"id":870,"href":"https:\/\/pomorskie.zity.pl\/index.php?rest_route=\/wp\/v2\/pages\/854\/revisions\/870"}],"wp:attachment":[{"href":"https:\/\/pomorskie.zity.pl\/index.php?rest_route=%2Fwp%2Fv2%2Fmedia&parent=854"}],"curies":[{"name":"wp","href":"https:\/\/api.w.org\/{rel}","templated":true}]}}