{"id":874,"date":"2024-12-11T19:46:03","date_gmt":"2024-12-11T18:46:03","guid":{"rendered":"https:\/\/pomorskie.zity.pl\/?page_id=874"},"modified":"2024-12-11T20:24:10","modified_gmt":"2024-12-11T19:24:10","slug":"omggs","status":"publish","type":"page","link":"https:\/\/pomorskie.zity.pl\/?page_id=874","title":{"rendered":"OMGGS"},"content":{"rendered":"\t\t<div data-elementor-type=\"wp-page\" data-elementor-id=\"874\" class=\"elementor elementor-874\" data-elementor-settings=\"{&quot;ha_cmc_init_switcher&quot;:&quot;no&quot;}\">\n\t\t\t\t\t\t<section class=\"elementor-section elementor-top-section elementor-element elementor-element-3730ef01 elementor-section-height-min-height elementor-section-content-middle elementor-section-boxed elementor-section-height-default elementor-section-items-middle wpr-particle-no wpr-jarallax-no wpr-parallax-no wpr-sticky-section-no\" data-id=\"3730ef01\" data-element_type=\"section\" data-settings=\"{&quot;background_background&quot;:&quot;classic&quot;,&quot;_ha_eqh_enable&quot;:false}\">\n\t\t\t\t\t\t\t<div class=\"elementor-background-overlay\"><\/div>\n\t\t\t\t\t\t\t<div class=\"elementor-container elementor-column-gap-default\">\n\t\t\t\t\t<div class=\"elementor-column elementor-col-100 elementor-top-column elementor-element elementor-element-3271a306\" data-id=\"3271a306\" data-element_type=\"column\">\n\t\t\t<div class=\"elementor-widget-wrap elementor-element-populated\">\n\t\t\t\t\t\t<div class=\"elementor-element elementor-element-1c18478e elementor-widget elementor-widget-heading\" data-id=\"1c18478e\" data-element_type=\"widget\" data-widget_type=\"heading.default\">\n\t\t\t\t<div class=\"elementor-widget-container\">\n\t\t\t<h2 class=\"elementor-heading-title elementor-size-default\">OMGGS<\/h2>\t\t<\/div>\n\t\t\t\t<\/div>\n\t\t\t\t\t<\/div>\n\t\t<\/div>\n\t\t\t\t\t<\/div>\n\t\t<\/section>\n\t\t<div class=\"elementor-element elementor-element-3319440 e-flex e-con-boxed wpr-particle-no wpr-jarallax-no wpr-parallax-no wpr-sticky-section-no e-con e-parent\" data-id=\"3319440\" data-element_type=\"container\" data-settings=\"{&quot;_ha_eqh_enable&quot;:false}\">\n\t\t\t\t\t<div class=\"e-con-inner\">\n\t\t\t\t<div class=\"elementor-element elementor-element-a113247 elementor-widget elementor-widget-text-editor\" data-id=\"a113247\" data-element_type=\"widget\" data-widget_type=\"text-editor.default\">\n\t\t\t\t<div class=\"elementor-widget-container\">\n\t\t\t\t\t\t\t<h5 style=\"text-align: center;\">Sk\u0142ad Komitetu Steruj\u0105cego ds. Strategii Rozwoju Ponadlokalnego OMGGS<br \/>Sk\u0142ad komitetu podany 15 pa\u017adziernika 2024 r.<\/h5><table><thead><tr><th><strong>Imi\u0119 i Nazwisko<\/strong><\/th><th><strong>Funkcja<\/strong><\/th><\/tr><\/thead><tbody><tr><td>Piotr Grzelak<\/td><td>Wiceprezydent Gda\u0144ska, Przewodnicz\u0105cy Komitetu<\/td><\/tr><tr><td>Katarzyna Gruszecka-Spycha\u0142a<\/td><td>Wiceprezydent Gdyni ds. gospodarki<\/td><\/tr><tr><td>Piotr Borawski<\/td><td>Zast\u0119pca Prezydenta Miasta Gda\u0144ska ds. przedsi\u0119biorczo\u015bci i ochrony klimatu<\/td><\/tr><tr><td>Marcin Skwierawski<\/td><td>Wiceprezydent Sopotu<\/td><\/tr><tr><td>Micha\u0142 Gu\u0107<\/td><td>Wiceprezydent Gdyni<\/td><\/tr><tr><td>Bogus\u0142awa Engelbrecht<\/td><td>W\u00f3jt Gminy Linia<\/td><\/tr><tr><td>Magdalena Ko\u0142odziejczak<\/td><td>Pruszcz Gda\u0144ski<\/td><\/tr><tr><td>Miros\u0142aw Chy\u0142a<\/td><td>Burmistrz Miasta i Gminy Pelplin<\/td><\/tr><tr><td>Alicja Zaj\u0105czkowska<\/td><td>Starosta Powiatu L\u0119borskiego<\/td><\/tr><tr><td>Jacek Thiel<\/td><td>Wicestarosta Wejherowski<\/td><\/tr><tr><td>Hanna Pr\u00f3chniewska<\/td><td>Burmistrz Pucka<\/td><\/tr><tr><td>Janusz Wr\u00f3bel<\/td><td>Burmistrz Pruszcza Gda\u0144skiego<\/td><\/tr><tr><td>Micha\u0142 Pasieczny<\/td><td>Burmistrz Rumi<\/td><\/tr><tr><td>Beata Rutkiewicz<\/td><td>Zast\u0119pca Prezydenta Miasta Wejherowa ds. Rozwoju Miasta<\/td><\/tr><tr><td>Micha\u0142 Banacki<\/td><td>Naczelnik Wydzia\u0142u Strategii Rozwoju Miasta, Miasto Sopot<\/td><\/tr><tr><td>Kamil Pach<\/td><td>Zast\u0119pca Burmistrza W\u0142adys\u0142awowa<\/td><\/tr><tr><td>Katarzyna Gruszka<\/td><td>Naczelnik Wydzia\u0142u Strategii Urz\u0105d Miasta Gdyni<\/td><\/tr><tr><td>Marcin Hrynkiewicz<\/td><td>Po. Kierownika Referatu Bada\u0144 i Analiz Spo\u0142eczno-Gospodarczych<\/td><\/tr><tr><td>Anna B\u0142a\u017cewicz-Stasiak<\/td><td>Z-ca Dyrektora PBPR (Obserwator)<\/td><\/tr><tr><td>Ma\u0142gorzata Sobolew<\/td><td>Kierownik Referatu Planowania Strategicznego DRRP, UMWP (Obserwator)<\/td><\/tr><tr><td>Iwona Sagan<\/td><td>PAN<\/td><\/tr><tr><td>Adriana Zaleska-Medynska<\/td><td>Dyrektor Zwi\u0105zku Uczelni w Gda\u0144sku im. Daniela Fahrenheita, Uniwersytet Gda\u0144ski<\/td><\/tr><tr><td>Jaros\u0142aw Zielonka<\/td><td>Zwi\u0105zek Stowarzysze\u0144 Pomorska Sie\u0107 Leader<\/td><\/tr><tr><td>Karolina Stubi\u0144ska<\/td><td>Centrum Wsparcia Imigrant\u00f3w i Imigrantek<\/td><\/tr><tr><td>Piotr Stepnowski<\/td><td>ARMAG, Prezes<\/td><\/tr><tr><td>Ma\u0142gorzata Wokacz-Zaborowska<\/td><td>Sztab Kryzysowy Pomorskich Przedsi\u0119biorc\u00f3w<\/td><\/tr><tr><td>Anita Radtke<\/td><td>Przewodnicz\u0105ca Pomorskiej Rady NGO<\/td><\/tr><tr><td>Agnieszka \u0141asut<\/td><td>Prezes, Polski Klaster IoT i AI &#8211; SINOTAIC<\/td><\/tr><tr><td>Piotr Stec<\/td><td>Prezes Pomorskiej Sieci Centr\u00f3w Organizacji Pozarz\u0105dowych<\/td><\/tr><tr><td>Adam Weintrit<\/td><td>Kapitan \u017ceglugi wielkiej, Rektor Uniwersytetu Morskiego w Gdyni, Rada Rektor\u00f3w Wojew\u00f3dztwa Pomorskiego<\/td><\/tr><tr><td>Urszula Nowakowska<\/td><td>Centrum Praw Kobiet<\/td><\/tr><tr><td>Monika Merkel<\/td><td>Centrum Integracja w Gdyni<\/td><\/tr><\/tbody><\/table><p>\u00a0<\/p><h3>Obszar Metropolitalny Gda\u0144sk-Gdynia-Sopot (OMGGS)<br \/>Stan na kwiecie\u0144 2024 r.<\/h3><p>Dane na podstawie prezentacji dost\u0119pnej pod linkiem: <a href=\"http:\/\/pomorskie.zity.pl\/wp-content\/uploads\/2024\/12\/9.-Uspolecznienie-procesu-decyzyjnego-w-ramach-instrumentow-terytorialnych-ZIT-i-ZPT-1-1.pdf\" target=\"_blank\" rel=\"noopener\">PREZENTACJA<br \/><\/a><\/p><ul><li><strong>Zakres dzia\u0142a\u0144<\/strong>: Najwi\u0119kszy MOF w regionie, skupiaj\u0105cy si\u0119 na poprawie efektywno\u015bci energetycznej, rozwoju infrastruktury spo\u0142ecznej oraz adaptacji do zmian klimatu. Zintegrowane podej\u015bcie zak\u0142ada wsp\u00f3\u0142prac\u0119 w zakresie mobilno\u015bci miejskiej, rozwoju transportu publicznego oraz dzia\u0142a\u0144 proekologicznych.<\/li><li><strong>Uspo\u0142ecznienie procesu<\/strong>: Powo\u0142ano uspo\u0142ecznione cia\u0142o doradcze. Wsp\u00f3\u0142praca obejmuje organizacje spo\u0142eczne i mieszka\u0144c\u00f3w.<\/li><li><strong>Efekty<\/strong>: Opracowano strategi\u0119 ZIT obejmuj\u0105c\u0105 zar\u00f3wno dzia\u0142ania infrastrukturalne, jak i spo\u0142eczne.<\/li><\/ul><p>\u00a0<\/p><h3>Za\u0142\u0105czniki:<\/h3><p><a href=\"http:\/\/pomorskie.zity.pl\/wp-content\/uploads\/2024\/12\/Prezentacja-KS-15.02.2024.pdf\" target=\"_blank\" rel=\"noopener\">Prezentacja Komitetu Steruj\u0105cego ds. Strategii Rozwoju Ponadlokalnego OMGGS z dnia 15.02.2024<\/a><\/p><p><a href=\"http:\/\/pomorskie.zity.pl\/wp-content\/uploads\/2024\/12\/protokol-KS-z-15.02.2024.pdf\" target=\"_blank\" rel=\"noopener\">Protok\u00f3\u0142 z posiedzenia Komitetu Steruj\u0105cego ds. Strategii Rozwoju Ponadlokalnego Obszaru Metropolitalnego Gda\u0144sk-Gdynia-Sopot<\/a><\/p><p><a href=\"http:\/\/pomorskie.zity.pl\/wp-content\/uploads\/2024\/12\/uchwala-KS-15.02.24-podpisana.pdf\" target=\"_blank\" rel=\"noopener\">Uchwa\u0142a nr 01\/2024<\/a><\/p>\t\t\t\t\t\t<\/div>\n\t\t\t\t<\/div>\n\t\t\t\t\t<\/div>\n\t\t\t\t<\/div>\n\t\t\t\t<\/div>\n\t\t","protected":false},"excerpt":{"rendered":"<p>OMGGS Sk\u0142ad Komitetu Steruj\u0105cego ds. Strategii Rozwoju Ponadlokalnego OMGGSSk\u0142ad komitetu podany 15 pa\u017adziernika 2024 r. Imi\u0119 i Nazwisko Funkcja Piotr Grzelak Wiceprezydent Gda\u0144ska, Przewodnicz\u0105cy Komitetu Katarzyna Gruszecka-Spycha\u0142a Wiceprezydent Gdyni ds. gospodarki Piotr Borawski Zast\u0119pca Prezydenta Miasta Gda\u0144ska ds. przedsi\u0119biorczo\u015bci i ochrony klimatu Marcin Skwierawski Wiceprezydent Sopotu Micha\u0142 Gu\u0107 Wiceprezydent Gdyni Bogus\u0142awa Engelbrecht W\u00f3jt Gminy Linia Magdalena Ko\u0142odziejczak Pruszcz Gda\u0144ski Miros\u0142aw Chy\u0142a Burmistrz Miasta i Gminy Pelplin Alicja Zaj\u0105czkowska Starosta Powiatu L\u0119borskiego Jacek Thiel Wicestarosta Wejherowski Hanna Pr\u00f3chniewska Burmistrz Pucka Janusz Wr\u00f3bel Burmistrz Pruszcza Gda\u0144skiego Micha\u0142 Pasieczny Burmistrz Rumi Beata Rutkiewicz Zast\u0119pca Prezydenta Miasta Wejherowa ds. Rozwoju Miasta Micha\u0142 Banacki Naczelnik Wydzia\u0142u Strategii Rozwoju Miasta, Miasto Sopot Kamil Pach Zast\u0119pca Burmistrza W\u0142adys\u0142awowa Katarzyna Gruszka Naczelnik Wydzia\u0142u Strategii Urz\u0105d Miasta Gdyni Marcin Hrynkiewicz Po. Kierownika Referatu Bada\u0144 i Analiz Spo\u0142eczno-Gospodarczych Anna B\u0142a\u017cewicz-Stasiak Z-ca Dyrektora PBPR (Obserwator) Ma\u0142gorzata Sobolew Kierownik Referatu Planowania Strategicznego DRRP, UMWP (Obserwator) Iwona Sagan PAN Adriana Zaleska-Medynska Dyrektor Zwi\u0105zku Uczelni w Gda\u0144sku im. Daniela Fahrenheita, Uniwersytet Gda\u0144ski Jaros\u0142aw Zielonka Zwi\u0105zek Stowarzysze\u0144 Pomorska Sie\u0107 Leader Karolina Stubi\u0144ska Centrum Wsparcia Imigrant\u00f3w i Imigrantek Piotr Stepnowski ARMAG, Prezes Ma\u0142gorzata Wokacz-Zaborowska Sztab Kryzysowy Pomorskich Przedsi\u0119biorc\u00f3w Anita Radtke Przewodnicz\u0105ca Pomorskiej Rady NGO Agnieszka \u0141asut Prezes, Polski Klaster IoT i AI &#8211; SINOTAIC Piotr Stec Prezes Pomorskiej Sieci Centr\u00f3w Organizacji Pozarz\u0105dowych Adam Weintrit Kapitan \u017ceglugi wielkiej, Rektor Uniwersytetu Morskiego w Gdyni, Rada Rektor\u00f3w Wojew\u00f3dztwa Pomorskiego Urszula Nowakowska Centrum Praw Kobiet Monika Merkel Centrum Integracja w Gdyni \u00a0 Obszar Metropolitalny Gda\u0144sk-Gdynia-Sopot (OMGGS)Stan na kwiecie\u0144 2024 r. Dane na podstawie prezentacji dost\u0119pnej pod linkiem: PREZENTACJA Zakres dzia\u0142a\u0144: Najwi\u0119kszy MOF w regionie, skupiaj\u0105cy si\u0119 na poprawie efektywno\u015bci energetycznej, rozwoju infrastruktury spo\u0142ecznej oraz adaptacji do zmian klimatu. Zintegrowane podej\u015bcie zak\u0142ada wsp\u00f3\u0142prac\u0119 w zakresie mobilno\u015bci miejskiej, rozwoju transportu publicznego oraz dzia\u0142a\u0144 proekologicznych. Uspo\u0142ecznienie procesu: Powo\u0142ano uspo\u0142ecznione cia\u0142o doradcze. Wsp\u00f3\u0142praca obejmuje organizacje spo\u0142eczne i mieszka\u0144c\u00f3w. Efekty: Opracowano strategi\u0119 ZIT obejmuj\u0105c\u0105 zar\u00f3wno dzia\u0142ania infrastrukturalne, jak i spo\u0142eczne. \u00a0 Za\u0142\u0105czniki: Prezentacja Komitetu Steruj\u0105cego ds. Strategii Rozwoju Ponadlokalnego OMGGS z dnia 15.02.2024 Protok\u00f3\u0142 z posiedzenia Komitetu Steruj\u0105cego ds. Strategii Rozwoju Ponadlokalnego Obszaru Metropolitalnego Gda\u0144sk-Gdynia-Sopot Uchwa\u0142a nr 01\/2024<\/p>\n","protected":false},"author":1,"featured_media":0,"parent":0,"menu_order":0,"comment_status":"closed","ping_status":"closed","template":"elementor_canvas","meta":{"footnotes":""},"class_list":["post-874","page","type-page","status-publish","hentry"],"_links":{"self":[{"href":"https:\/\/pomorskie.zity.pl\/index.php?rest_route=\/wp\/v2\/pages\/874","targetHints":{"allow":["GET"]}}],"collection":[{"href":"https:\/\/pomorskie.zity.pl\/index.php?rest_route=\/wp\/v2\/pages"}],"about":[{"href":"https:\/\/pomorskie.zity.pl\/index.php?rest_route=\/wp\/v2\/types\/page"}],"author":[{"embeddable":true,"href":"https:\/\/pomorskie.zity.pl\/index.php?rest_route=\/wp\/v2\/users\/1"}],"replies":[{"embeddable":true,"href":"https:\/\/pomorskie.zity.pl\/index.php?rest_route=%2Fwp%2Fv2%2Fcomments&post=874"}],"version-history":[{"count":10,"href":"https:\/\/pomorskie.zity.pl\/index.php?rest_route=\/wp\/v2\/pages\/874\/revisions"}],"predecessor-version":[{"id":890,"href":"https:\/\/pomorskie.zity.pl\/index.php?rest_route=\/wp\/v2\/pages\/874\/revisions\/890"}],"wp:attachment":[{"href":"https:\/\/pomorskie.zity.pl\/index.php?rest_route=%2Fwp%2Fv2%2Fmedia&parent=874"}],"curies":[{"name":"wp","href":"https:\/\/api.w.org\/{rel}","templated":true}]}}