{"id":921,"date":"2024-12-11T20:43:15","date_gmt":"2024-12-11T19:43:15","guid":{"rendered":"https:\/\/pomorskie.zity.pl\/?page_id=921"},"modified":"2024-12-11T20:43:42","modified_gmt":"2024-12-11T19:43:42","slug":"malbork-sztum","status":"publish","type":"page","link":"https:\/\/pomorskie.zity.pl\/?page_id=921","title":{"rendered":"Malbork-Sztum"},"content":{"rendered":"\t\t<div data-elementor-type=\"wp-page\" data-elementor-id=\"921\" class=\"elementor elementor-921\" data-elementor-settings=\"{&quot;ha_cmc_init_switcher&quot;:&quot;no&quot;}\">\n\t\t\t\t\t\t<section class=\"elementor-section elementor-top-section elementor-element elementor-element-3730ef01 elementor-section-height-min-height elementor-section-content-middle elementor-section-boxed elementor-section-height-default elementor-section-items-middle wpr-particle-no wpr-jarallax-no wpr-parallax-no wpr-sticky-section-no\" data-id=\"3730ef01\" data-element_type=\"section\" data-settings=\"{&quot;background_background&quot;:&quot;classic&quot;,&quot;_ha_eqh_enable&quot;:false}\">\n\t\t\t\t\t\t\t<div class=\"elementor-background-overlay\"><\/div>\n\t\t\t\t\t\t\t<div class=\"elementor-container elementor-column-gap-default\">\n\t\t\t\t\t<div class=\"elementor-column elementor-col-100 elementor-top-column elementor-element elementor-element-3271a306\" data-id=\"3271a306\" data-element_type=\"column\">\n\t\t\t<div class=\"elementor-widget-wrap elementor-element-populated\">\n\t\t\t\t\t\t<div class=\"elementor-element elementor-element-1c18478e elementor-widget elementor-widget-heading\" data-id=\"1c18478e\" data-element_type=\"widget\" data-widget_type=\"heading.default\">\n\t\t\t\t<div class=\"elementor-widget-container\">\n\t\t\t<h2 class=\"elementor-heading-title elementor-size-default\">Malbork-Sztum<\/h2>\t\t<\/div>\n\t\t\t\t<\/div>\n\t\t\t\t\t<\/div>\n\t\t<\/div>\n\t\t\t\t\t<\/div>\n\t\t<\/section>\n\t\t<div class=\"elementor-element elementor-element-3319440 e-flex e-con-boxed wpr-particle-no wpr-jarallax-no wpr-parallax-no wpr-sticky-section-no e-con e-parent\" data-id=\"3319440\" data-element_type=\"container\" data-settings=\"{&quot;_ha_eqh_enable&quot;:false}\">\n\t\t\t\t\t<div class=\"e-con-inner\">\n\t\t\t\t<div class=\"elementor-element elementor-element-a113247 elementor-widget elementor-widget-text-editor\" data-id=\"a113247\" data-element_type=\"widget\" data-widget_type=\"text-editor.default\">\n\t\t\t\t<div class=\"elementor-widget-container\">\n\t\t\t\t\t\t\t<h3>Malbork-Sztum<br \/>Stan na kwiecie\u0144 2024 r.<\/h3><p>Dane na podstawie prezentacji dost\u0119pnej pod linkiem: <a href=\"http:\/\/pomorskie.zity.pl\/wp-content\/uploads\/2024\/12\/9.-Uspolecznienie-procesu-decyzyjnego-w-ramach-instrumentow-terytorialnych-ZIT-i-ZPT-1-1.pdf\" target=\"_blank\" rel=\"noopener\">PREZENTACJA<br \/><\/a><\/p><ul><li><strong>Zakres dzia\u0142a\u0144<\/strong>: Efektywno\u015b\u0107 energetyczna, adaptacja do zmian klimatu, infrastruktura zdrowia oraz r\u00f3\u017cnorodno\u015b\u0107 biologiczna.<\/li><li><strong>Uspo\u0142ecznienie procesu<\/strong>: Konsultacje spo\u0142eczne przeprowadzono dwukrotnie w 2023 roku (14.04-05.05 i 09.09-30.09). Powo\u0142ano Komitet Doradczy ZIT.<\/li><li><strong>Projekty<\/strong>:<ul><li>Modernizacja energetyczna budynk\u00f3w mieszkalnych i u\u017cyteczno\u015bci publicznej.<\/li><li>Wzmacnianie r\u00f3\u017cnorodno\u015bci biologicznej.<\/li><\/ul><\/li><\/ul>\t\t\t\t\t\t<\/div>\n\t\t\t\t<\/div>\n\t\t\t\t\t<\/div>\n\t\t\t\t<\/div>\n\t\t\t\t<\/div>\n\t\t","protected":false},"excerpt":{"rendered":"<p>Malbork-Sztum Malbork-SztumStan na kwiecie\u0144 2024 r. Dane na podstawie prezentacji dost\u0119pnej pod linkiem: PREZENTACJA Zakres dzia\u0142a\u0144: Efektywno\u015b\u0107 energetyczna, adaptacja do zmian klimatu, infrastruktura zdrowia oraz r\u00f3\u017cnorodno\u015b\u0107 biologiczna. Uspo\u0142ecznienie procesu: Konsultacje spo\u0142eczne przeprowadzono dwukrotnie w 2023 roku (14.04-05.05 i 09.09-30.09). Powo\u0142ano Komitet Doradczy ZIT. Projekty: Modernizacja energetyczna budynk\u00f3w mieszkalnych i u\u017cyteczno\u015bci publicznej. Wzmacnianie r\u00f3\u017cnorodno\u015bci biologicznej.<\/p>\n","protected":false},"author":1,"featured_media":0,"parent":0,"menu_order":0,"comment_status":"closed","ping_status":"closed","template":"elementor_canvas","meta":{"footnotes":""},"class_list":["post-921","page","type-page","status-publish","hentry"],"_links":{"self":[{"href":"https:\/\/pomorskie.zity.pl\/index.php?rest_route=\/wp\/v2\/pages\/921","targetHints":{"allow":["GET"]}}],"collection":[{"href":"https:\/\/pomorskie.zity.pl\/index.php?rest_route=\/wp\/v2\/pages"}],"about":[{"href":"https:\/\/pomorskie.zity.pl\/index.php?rest_route=\/wp\/v2\/types\/page"}],"author":[{"embeddable":true,"href":"https:\/\/pomorskie.zity.pl\/index.php?rest_route=\/wp\/v2\/users\/1"}],"replies":[{"embeddable":true,"href":"https:\/\/pomorskie.zity.pl\/index.php?rest_route=%2Fwp%2Fv2%2Fcomments&post=921"}],"version-history":[{"count":4,"href":"https:\/\/pomorskie.zity.pl\/index.php?rest_route=\/wp\/v2\/pages\/921\/revisions"}],"predecessor-version":[{"id":925,"href":"https:\/\/pomorskie.zity.pl\/index.php?rest_route=\/wp\/v2\/pages\/921\/revisions\/925"}],"wp:attachment":[{"href":"https:\/\/pomorskie.zity.pl\/index.php?rest_route=%2Fwp%2Fv2%2Fmedia&parent=921"}],"curies":[{"name":"wp","href":"https:\/\/api.w.org\/{rel}","templated":true}]}}